{"id":502,"date":"2025-02-09T23:56:36","date_gmt":"2025-02-09T20:56:36","guid":{"rendered":"https:\/\/www.leonmarble.com\/it\/anasayfa\/"},"modified":"2025-02-09T23:56:36","modified_gmt":"2025-02-09T20:56:36","slug":"anasayfa","status":"publish","type":"page","link":"https:\/\/www.leonmarble.com\/it\/","title":{"rendered":"Anasayfa"},"content":{"rendered":"<p>[vc_row type=&#8221;vc_default&#8221; animation=&#8221;fadeIn&#8221; margin_top=&#8221;0&#8243; bg_color=&#8221;#f7f7f7&#8243; bg_type=&#8221;bg_color&#8221; css=&#8221;.vc_custom_1740005795099{background-color: #262626 !important;}&#8221; bg_color_value=&#8221;#ffffff&#8221;][vc_column width=&#8221;1\/4&#8243;]<div class=\"dt-fancy-separator h4-size style-thick\" style=\"width: 80%;\"><div class=\"dt-fancy-title\" style=\"color: #353535;\"><span class=\"separator-holder separator-left\"><\/span>Tamburlu Ta\u015flar<span class=\"separator-holder separator-right\"><\/span><\/div><\/div>[vc_single_image image=&#8221;208&#8243; img_size=&#8221;large&#8221; alignment=&#8221;center&#8221; style=&#8221;vc_box_shadow_3d&#8221; onclick=&#8221;custom_link&#8221; css_animation=&#8221;fadeIn&#8221; lazy_loading=&#8221;true&#8221; css=&#8221;.vc_custom_1740343686536{border-top-width: 18px !important;border-right-width: 18px !important;border-bottom-width: 18px !important;border-left-width: 18px !important;border-left-color: #ffffff !important;border-left-style: solid !important;border-right-color: #ffffff !important;border-right-style: solid !important;border-top-color: #ffffff !important;border-top-style: solid !important;border-bottom-color: #ffffff !important;border-bottom-style: solid !important;border-radius: 15px !important;}&#8221; link=&#8221;https:\/\/www.leonmarble.com\/tamburlu-taslar\/&#8221;][\/vc_column][vc_column width=&#8221;1\/4&#8243;]<div class=\"dt-fancy-separator h4-size style-thick\" style=\"width: 80%;\"><div class=\"dt-fancy-title\" style=\"color: #353535;\"><span class=\"separator-holder separator-left\"><\/span>A\u011fa\u00e7 Kabu\u011fu<span class=\"separator-holder separator-right\"><\/span><\/div><\/div>[vc_single_image image=&#8221;205&#8243; img_size=&#8221;large&#8221; add_caption=&#8221;yes&#8221; alignment=&#8221;center&#8221; style=&#8221;vc_box_shadow_3d&#8221; onclick=&#8221;custom_link&#8221; css_animation=&#8221;fadeIn&#8221; lazy_loading=&#8221;true&#8221; css=&#8221;.vc_custom_1740343712681{border-top-width: 12px !important;border-right-width: 12px !important;border-bottom-width: 12px !important;border-left-width: 12px !important;border-left-color: #ffffff !important;border-left-style: solid !important;border-right-color: #ffffff !important;border-right-style: solid !important;border-top-color: #ffffff !important;border-top-style: solid !important;border-bottom-color: #ffffff !important;border-bottom-style: solid !important;border-radius: 10px !important;}&#8221; link=&#8221;https:\/\/www.leonmarble.com\/agac-kabugu\/&#8221;][\/vc_column][vc_column width=&#8221;1\/4&#8243;]<div class=\"dt-fancy-separator h4-size style-thick\" style=\"width: 80%;\"><div class=\"dt-fancy-title\" style=\"color: #353535;\"><span class=\"separator-holder separator-left\"><\/span>Monolit<span class=\"separator-holder separator-right\"><\/span><\/div><\/div>[vc_single_image image=&#8221;210&#8243; img_size=&#8221;large&#8221; add_caption=&#8221;yes&#8221; alignment=&#8221;center&#8221; style=&#8221;vc_box_shadow_3d&#8221; onclick=&#8221;custom_link&#8221; css_animation=&#8221;fadeIn&#8221; lazy_loading=&#8221;true&#8221; css=&#8221;.vc_custom_1740343732925{border-top-width: 12px !important;border-right-width: 12px !important;border-bottom-width: 12px !important;border-left-width: 12px !important;border-left-color: #ffffff !important;border-left-style: solid !important;border-right-color: #ffffff !important;border-right-style: solid !important;border-top-color: #ffffff !important;border-top-style: solid !important;border-bottom-color: #ffffff !important;border-bottom-style: solid !important;border-radius: 10px !important;}&#8221; link=&#8221;https:\/\/www.leonmarble.com\/monolit\/&#8221;][\/vc_column][vc_column width=&#8221;1\/4&#8243;]<div class=\"dt-fancy-separator h4-size style-thick\" style=\"width: 80%;\"><div class=\"dt-fancy-title\" style=\"color: #353535;\"><span class=\"separator-holder separator-left\"><\/span>Traverten<span class=\"separator-holder separator-right\"><\/span><\/div><\/div>[vc_single_image image=&#8221;285&#8243; img_size=&#8221;large&#8221; add_caption=&#8221;yes&#8221; alignment=&#8221;center&#8221; style=&#8221;vc_box_shadow_3d&#8221; onclick=&#8221;custom_link&#8221; css_animation=&#8221;fadeIn&#8221; lazy_loading=&#8221;true&#8221; css=&#8221;.vc_custom_1740343750935{border-top-width: 18px !important;border-right-width: 18px !important;border-bottom-width: 18px !important;border-left-width: 18px !important;border-left-color: #ffffff !important;border-left-style: solid !important;border-right-color: #ffffff !important;border-right-style: solid !important;border-top-color: #ffffff !important;border-top-style: solid !important;border-bottom-color: #ffffff !important;border-bottom-style: solid !important;border-radius: 15px !important;}&#8221; link=&#8221;https:\/\/www.leonmarble.com\/traverten-3\/&#8221;][\/vc_column][\/vc_row][vc_row type=&#8221;vc_default&#8221; animation=&#8221;fadeIn&#8221; margin_top=&#8221;0&#8243; bg_color=&#8221;#f7f7f7&#8243; bg_type=&#8221;bg_color&#8221; css=&#8221;.vc_custom_1740005795099{background-color: #262626 !important;}&#8221; bg_color_value=&#8221;#ffffff&#8221;][vc_column width=&#8221;1\/4&#8243;]<div class=\"dt-fancy-separator h4-size style-thick\" style=\"width: 80%;\"><div class=\"dt-fancy-title\" style=\"color: #353535;\"><span class=\"separator-holder separator-left\"><\/span>K\u0131rma Mozaik<span class=\"separator-holder separator-right\"><\/span><\/div><\/div>[vc_single_image image=&#8221;211&#8243; img_size=&#8221;large&#8221; add_caption=&#8221;yes&#8221; alignment=&#8221;center&#8221; style=&#8221;vc_box_shadow_3d&#8221; onclick=&#8221;custom_link&#8221; css_animation=&#8221;fadeIn&#8221; lazy_loading=&#8221;true&#8221; css=&#8221;.vc_custom_1740343769486{border-top-width: 12px !important;border-right-width: 12px !important;border-bottom-width: 12px !important;border-left-width: 12px !important;border-left-color: #ffffff !important;border-left-style: solid !important;border-right-color: #ffffff !important;border-right-style: solid !important;border-top-color: #ffffff !important;border-top-style: solid !important;border-bottom-color: #ffffff !important;border-bottom-style: solid !important;border-radius: 10px !important;}&#8221; link=&#8221;https:\/\/www.leonmarble.com\/kirma-mozaik-3\/&#8221;][\/vc_column][vc_column width=&#8221;1\/4&#8243;]<div class=\"dt-fancy-separator h4-size style-thick\" style=\"width: 80%;\"><div class=\"dt-fancy-title\" style=\"color: #353535;\"><span class=\"separator-holder separator-left\"><\/span>Renkli Dolomit<span class=\"separator-holder separator-right\"><\/span><\/div><\/div>[vc_single_image image=&#8221;92&#8243; img_size=&#8221;large&#8221; add_caption=&#8221;yes&#8221; alignment=&#8221;center&#8221; style=&#8221;vc_box_shadow_3d&#8221; onclick=&#8221;custom_link&#8221; css_animation=&#8221;fadeIn&#8221; lazy_loading=&#8221;true&#8221; css=&#8221;.vc_custom_1740343788252{border-top-width: 12px !important;border-right-width: 12px !important;border-bottom-width: 12px !important;border-left-width: 12px !important;border-left-color: #ffffff !important;border-left-style: solid !important;border-right-color: #ffffff !important;border-right-style: solid !important;border-top-color: #ffffff !important;border-top-style: solid !important;border-bottom-color: #ffffff !important;border-bottom-style: solid !important;border-radius: 10px !important;}&#8221; link=&#8221;https:\/\/www.leonmarble.com\/renkli-dolomit-3\/&#8221;][\/vc_column][vc_column width=&#8221;1\/4&#8243;]<div class=\"dt-fancy-separator h4-size style-thick\" style=\"width: 80%;\"><div class=\"dt-fancy-title\" style=\"color: #353535;\"><span class=\"separator-holder separator-left\"><\/span>Torf<span class=\"separator-holder separator-right\"><\/span><\/div><\/div>[vc_single_image image=&#8221;199&#8243; img_size=&#8221;large&#8221; add_caption=&#8221;yes&#8221; alignment=&#8221;center&#8221; style=&#8221;vc_box_shadow_3d&#8221; onclick=&#8221;custom_link&#8221; css_animation=&#8221;fadeIn&#8221; lazy_loading=&#8221;true&#8221; css=&#8221;.vc_custom_1740343806542{border-top-width: 12px !important;border-right-width: 12px !important;border-bottom-width: 12px !important;border-left-width: 12px !important;border-left-color: #ffffff !important;border-left-style: solid !important;border-right-color: #ffffff !important;border-right-style: solid !important;border-top-color: #ffffff !important;border-top-style: solid !important;border-bottom-color: #ffffff !important;border-bottom-style: solid !important;border-radius: 10px !important;}&#8221; link=&#8221;https:\/\/www.leonmarble.com\/torf-3\/&#8221;][\/vc_column][vc_column width=&#8221;1\/4&#8243;]<div class=\"dt-fancy-separator h4-size style-thick\" style=\"width: 80%;\"><div class=\"dt-fancy-title\" style=\"color: #353535;\"><span class=\"separator-holder separator-left\"><\/span>End\u00fcstriel Kum<span class=\"separator-holder separator-right\"><\/span><\/div><\/div>[vc_single_image image=&#8221;212&#8243; img_size=&#8221;large&#8221; add_caption=&#8221;yes&#8221; alignment=&#8221;center&#8221; style=&#8221;vc_box_shadow_3d&#8221; onclick=&#8221;custom_link&#8221; css_animation=&#8221;fadeIn&#8221; lazy_loading=&#8221;true&#8221; css=&#8221;.vc_custom_1740343832419{border-top-width: 12px !important;border-right-width: 12px !important;border-bottom-width: 12px !important;border-left-width: 12px !important;border-left-color: #ffffff !important;border-left-style: solid !important;border-right-color: #ffffff !important;border-right-style: solid !important;border-top-color: #ffffff !important;border-top-style: solid !important;border-bottom-color: #ffffff !important;border-bottom-style: solid !important;border-radius: 10px !important;}&#8221; link=&#8221;https:\/\/www.leonmarble.com\/endustriel-kum\/&#8221;][\/vc_column][\/vc_row]<\/p>\n","protected":false},"excerpt":{"rendered":"<p>[vc_row type=&#8221;vc_default&#8221; animation=&#8221;fadeIn&#8221; margin_top=&#8221;0&#8243; bg_color=&#8221;#f7f7f7&#8243; bg_type=&#8221;bg_color&#8221; css=&#8221;.vc_custom_1740005795099{background-color: #262626 !important;}&#8221; bg_color_value=&#8221;#ffffff&#8221;][vc_column width=&#8221;1\/4&#8243;][vc_single_image image=&#8221;208&#8243; img_size=&#8221;large&#8221; alignment=&#8221;center&#8221; style=&#8221;vc_box_shadow_3d&#8221; onclick=&#8221;custom_link&#8221; css_animation=&#8221;fadeIn&#8221; lazy_loading=&#8221;true&#8221; css=&#8221;.vc_custom_1740343686536{border-top-width: 18px !important;border-right-width: 18px !important;border-bottom-width: 18px !important;border-left-width: 18px !important;border-left-color: #ffffff !important;border-left-style: solid !important;border-right-color: #ffffff !important;border-right-style: solid !important;border-top-color: #ffffff !important;border-top-style: solid !important;border-bottom-color: #ffffff !important;border-bottom-style: solid !important;border-radius: 15px !important;}&#8221; link=&#8221;https:\/\/www.leonmarble.com\/tamburlu-taslar\/&#8221;][\/vc_column][vc_column width=&#8221;1\/4&#8243;][vc_single_image image=&#8221;205&#8243; img_size=&#8221;large&#8221; add_caption=&#8221;yes&#8221; alignment=&#8221;center&#8221; style=&#8221;vc_box_shadow_3d&#8221; onclick=&#8221;custom_link&#8221; css_animation=&#8221;fadeIn&#8221; lazy_loading=&#8221;true&#8221;&hellip;<\/p>\n","protected":false},"author":1,"featured_media":0,"parent":0,"menu_order":0,"comment_status":"closed","ping_status":"closed","template":"","meta":[],"class_list":["post-502","page","type-page","status-publish","hentry","description-off"],"_links":{"self":[{"href":"https:\/\/www.leonmarble.com\/it\/wp-json\/wp\/v2\/pages\/502","targetHints":{"allow":["GET"]}}],"collection":[{"href":"https:\/\/www.leonmarble.com\/it\/wp-json\/wp\/v2\/pages"}],"about":[{"href":"https:\/\/www.leonmarble.com\/it\/wp-json\/wp\/v2\/types\/page"}],"author":[{"embeddable":true,"href":"https:\/\/www.leonmarble.com\/it\/wp-json\/wp\/v2\/users\/1"}],"replies":[{"embeddable":true,"href":"https:\/\/www.leonmarble.com\/it\/wp-json\/wp\/v2\/comments?post=502"}],"version-history":[{"count":0,"href":"https:\/\/www.leonmarble.com\/it\/wp-json\/wp\/v2\/pages\/502\/revisions"}],"wp:attachment":[{"href":"https:\/\/www.leonmarble.com\/it\/wp-json\/wp\/v2\/media?parent=502"}],"curies":[{"name":"wp","href":"https:\/\/api.w.org\/{rel}","templated":true}]}}